{"id":346,"date":"2018-08-19T15:22:10","date_gmt":"2018-08-19T15:22:10","guid":{"rendered":"http:\/\/konig-metallzaune.de\/?page_id=346"},"modified":"2018-09-25T16:36:55","modified_gmt":"2018-09-25T16:36:55","slug":"automatyka","status":"publish","type":"page","link":"https:\/\/konig-metallzaune.de\/?page_id=346","title":{"rendered":"Automatyka"},"content":{"rendered":"<p>[et_pb_section bb_built=&#8221;1&#8243;][et_pb_row][et_pb_column type=&#8221;4_4&#8243;][et_pb_team_member _builder_version=&#8221;3.10.1&#8243; name=&#8221;Automatik&#8221; image_url=&#8221;http:\/\/konig-metallzaune.de\/wp-content\/uploads\/2018\/07\/IMG_20171103_120040-Copy.jpg&#8221;]<\/p>\n<p>Wir installieren hochwertige T\u00fcrautomatik.<\/p>\n<ul>\n<li>Hohe Qualit\u00e4t<\/li>\n<li>Zuverl\u00e4ssigkeit<\/li>\n<li>Bequemlichkeit<\/li>\n<\/ul>\n<p>[\/et_pb_team_member][\/et_pb_column][\/et_pb_row][\/et_pb_section]<\/p>\n","protected":false},"excerpt":{"rendered":"<p><div class=\"et_pb_row et_pb_row_0 et_pb_row_empty\">\n\t\t\t\t\n\t\t\t\t\n\t\t\t\t\n\t\t\t\t\n\t\t\t\t\n\t\t\t<\/div> Wir installieren hochwertige T\u00fcrautomatik. Hohe Qualit\u00e4t Zuverl\u00e4ssigkeit Bequemlichkeit<\/p>\n","protected":false},"author":1,"featured_media":0,"parent":0,"menu_order":0,"comment_status":"closed","ping_status":"closed","template":"","meta":{"_et_pb_use_builder":"on","_et_pb_old_content":"","_et_gb_content_width":"","footnotes":""},"class_list":["post-346","page","type-page","status-publish","hentry"],"_links":{"self":[{"href":"https:\/\/konig-metallzaune.de\/index.php?rest_route=\/wp\/v2\/pages\/346","targetHints":{"allow":["GET"]}}],"collection":[{"href":"https:\/\/konig-metallzaune.de\/index.php?rest_route=\/wp\/v2\/pages"}],"about":[{"href":"https:\/\/konig-metallzaune.de\/index.php?rest_route=\/wp\/v2\/types\/page"}],"author":[{"embeddable":true,"href":"https:\/\/konig-metallzaune.de\/index.php?rest_route=\/wp\/v2\/users\/1"}],"replies":[{"embeddable":true,"href":"https:\/\/konig-metallzaune.de\/index.php?rest_route=%2Fwp%2Fv2%2Fcomments&post=346"}],"version-history":[{"count":5,"href":"https:\/\/konig-metallzaune.de\/index.php?rest_route=\/wp\/v2\/pages\/346\/revisions"}],"predecessor-version":[{"id":537,"href":"https:\/\/konig-metallzaune.de\/index.php?rest_route=\/wp\/v2\/pages\/346\/revisions\/537"}],"wp:attachment":[{"href":"https:\/\/konig-metallzaune.de\/index.php?rest_route=%2Fwp%2Fv2%2Fmedia&parent=346"}],"curies":[{"name":"wp","href":"https:\/\/api.w.org\/{rel}","templated":true}]}}