{"id":353,"date":"2018-08-19T15:26:06","date_gmt":"2018-08-19T15:26:06","guid":{"rendered":"http:\/\/konig-metallzaune.de\/?page_id=353"},"modified":"2018-09-25T16:38:48","modified_gmt":"2018-09-25T16:38:48","slug":"bramy","status":"publish","type":"page","link":"https:\/\/konig-metallzaune.de\/?page_id=353","title":{"rendered":"Bramy"},"content":{"rendered":"<p>[et_pb_section bb_built=&#8221;1&#8243;][et_pb_row][et_pb_column type=&#8221;4_4&#8243;][et_pb_team_member _builder_version=&#8221;3.10.1&#8243; name=&#8221;Pforte mit B\u00f6gen&#8221; image_url=&#8221;http:\/\/konig-metallzaune.de\/wp-content\/uploads\/2018\/07\/IMG_20170203_130115-Copy.jpg&#8221;]<\/p>\n<ul>\n<li>Pr\u00e4zise B\u00f6gen<\/li>\n<li>Dekorativer Zaunschmuck<\/li>\n<li>Langlebige Farben<\/li>\n<\/ul>\n<p>[\/et_pb_team_member][et_pb_team_member _builder_version=&#8221;3.10.1&#8243; name=&#8221;Tor mit flacher Oberfl\u00e4che&#8221; image_url=&#8221;http:\/\/konig-metallzaune.de\/wp-content\/uploads\/2018\/07\/IMG_20170617_073252-Copy.jpg&#8221;]<\/p>\n<ul>\n<li>Schiebetor<\/li>\n<li>Gro\u00dfe Blechoberfl\u00e4che<\/li>\n<li>Solide S\u00e4ulen<\/li>\n<\/ul>\n<p>[\/et_pb_team_member][et_pb_team_member _builder_version=&#8221;3.10.1&#8243; name=&#8221;Tor mit Mauer&#8221; image_url=&#8221;http:\/\/konig-metallzaune.de\/wp-content\/uploads\/2018\/07\/IMG_2189-Copy.jpg&#8221;]<\/p>\n<ul>\n<li>Solide Mauer<\/li>\n<li>Blickdicht<\/li>\n<li>Dekorative Armaturen<\/li>\n<\/ul>\n<p>[\/et_pb_team_member][\/et_pb_column][\/et_pb_row][\/et_pb_section]<\/p>\n","protected":false},"excerpt":{"rendered":"<p><div class=\"et_pb_row et_pb_row_0 et_pb_row_empty\">\n\t\t\t\t\n\t\t\t\t\n\t\t\t\t\n\t\t\t\t\n\t\t\t\t\n\t\t\t<\/div> Pr\u00e4zise B\u00f6gen Dekorativer Zaunschmuck Langlebige Farben Schiebetor Gro\u00dfe Blechoberfl\u00e4che Solide S\u00e4ulen Solide Mauer Blickdicht Dekorative Armaturen<\/p>\n","protected":false},"author":1,"featured_media":0,"parent":0,"menu_order":0,"comment_status":"closed","ping_status":"closed","template":"","meta":{"_et_pb_use_builder":"on","_et_pb_old_content":"","_et_gb_content_width":"","footnotes":""},"class_list":["post-353","page","type-page","status-publish","hentry"],"_links":{"self":[{"href":"https:\/\/konig-metallzaune.de\/index.php?rest_route=\/wp\/v2\/pages\/353","targetHints":{"allow":["GET"]}}],"collection":[{"href":"https:\/\/konig-metallzaune.de\/index.php?rest_route=\/wp\/v2\/pages"}],"about":[{"href":"https:\/\/konig-metallzaune.de\/index.php?rest_route=\/wp\/v2\/types\/page"}],"author":[{"embeddable":true,"href":"https:\/\/konig-metallzaune.de\/index.php?rest_route=\/wp\/v2\/users\/1"}],"replies":[{"embeddable":true,"href":"https:\/\/konig-metallzaune.de\/index.php?rest_route=%2Fwp%2Fv2%2Fcomments&post=353"}],"version-history":[{"count":5,"href":"https:\/\/konig-metallzaune.de\/index.php?rest_route=\/wp\/v2\/pages\/353\/revisions"}],"predecessor-version":[{"id":539,"href":"https:\/\/konig-metallzaune.de\/index.php?rest_route=\/wp\/v2\/pages\/353\/revisions\/539"}],"wp:attachment":[{"href":"https:\/\/konig-metallzaune.de\/index.php?rest_route=%2Fwp%2Fv2%2Fmedia&parent=353"}],"curies":[{"name":"wp","href":"https:\/\/api.w.org\/{rel}","templated":true}]}}